{"id":462,"date":"2018-05-10T07:28:49","date_gmt":"2018-05-10T07:28:49","guid":{"rendered":"http:\/\/www.dcds-project.eu\/?page_id=462"},"modified":"2020-03-19T10:07:31","modified_gmt":"2020-03-19T10:07:31","slug":"publicaciones","status":"publish","type":"page","link":"https:\/\/www.dcds-project.eu\/es\/publicaciones\/","title":{"rendered":"Publicaciones"},"content":{"rendered":"<ul>\n<li><a href=\"https:\/\/www.dcds-project.eu\/es\/publicaciones\/dcds-context-analysis-report\/\" target=\"_blank\" rel=\"noopener\">Informe de an\u00e1lisis de contexto DCDS<\/a><\/li>\n<li><a href=\"https:\/\/www.dcds-project.eu\/es\/resultados\/dcd-methodology\/\" target=\"_blank\" rel=\"noopener\">Metodolog\u00eda DCD<\/a><\/li>\n<li><a href=\"https:\/\/www.dcds-project.eu\/es\/publicaciones\/contents-of-the-self-assessment-tool\/\" target=\"_blank\" rel=\"noopener\">Contenidos de la Herramienta de Auto-evaluaci\u00f3n<\/a><\/li>\n<li><a href=\"https:\/\/www.dcds-project.eu\/es\/publicaciones\/trainer-handbook\/\" target=\"_blank\" rel=\"noopener\">Manual de la persona formadora<\/a><\/li>\n<li><a href=\"https:\/\/www.dcds-project.eu\/es\/publicaciones\/training-organisation-handbook\/\" target=\"_blank\" rel=\"noopener\">Manual para las entidades formadoras<\/a><\/li>\n<li><a href=\"https:\/\/www.dcds-project.eu\/es\/publicaciones\/piloting-report\/\" target=\"_blank\" rel=\"noopener\">Informe del Piloto y Evaluaci\u00f3n DCDS<\/a><\/li>\n<li><a href=\"https:\/\/www.dcds-project.eu\/es\/publicaciones\/dcds-policy-recommendations\/\" target=\"_blank\" rel=\"noopener\">Recomendaciones de pol\u00edticas DCDS<\/a><\/li>\n<li><a href=\"https:\/\/www.dcds-project.eu\/resources\/dcds-policy-influence-toolkit\/\" target=\"_blank\" rel=\"noopener\">DCDS Policy Influence Toolkit<\/a><\/li>\n<\/ul>\n","protected":false},"excerpt":{"rendered":"<p>Informe de an\u00e1lisis de contexto DCDS Metodolog\u00eda DCD Contenidos de la Herramienta de Auto-evaluaci\u00f3n Manual de la persona formadora Manual para las entidades formadoras Informe del<span class=\"excerpt-hellip\"> [\u2026]<\/span><\/p>\n","protected":false},"author":1,"featured_media":0,"parent":0,"menu_order":0,"comment_status":"closed","ping_status":"closed","template":"","meta":{"footnotes":""},"class_list":["post-462","page","type-page","status-publish","hentry"],"_links":{"self":[{"href":"https:\/\/www.dcds-project.eu\/es\/wp-json\/wp\/v2\/pages\/462","targetHints":{"allow":["GET"]}}],"collection":[{"href":"https:\/\/www.dcds-project.eu\/es\/wp-json\/wp\/v2\/pages"}],"about":[{"href":"https:\/\/www.dcds-project.eu\/es\/wp-json\/wp\/v2\/types\/page"}],"author":[{"embeddable":true,"href":"https:\/\/www.dcds-project.eu\/es\/wp-json\/wp\/v2\/users\/1"}],"replies":[{"embeddable":true,"href":"https:\/\/www.dcds-project.eu\/es\/wp-json\/wp\/v2\/comments?post=462"}],"version-history":[{"count":10,"href":"https:\/\/www.dcds-project.eu\/es\/wp-json\/wp\/v2\/pages\/462\/revisions"}],"predecessor-version":[{"id":2363,"href":"https:\/\/www.dcds-project.eu\/es\/wp-json\/wp\/v2\/pages\/462\/revisions\/2363"}],"wp:attachment":[{"href":"https:\/\/www.dcds-project.eu\/es\/wp-json\/wp\/v2\/media?parent=462"}],"curies":[{"name":"wp","href":"https:\/\/api.w.org\/{rel}","templated":true}]}}