{"id":1995,"date":"2020-01-02T08:38:29","date_gmt":"2020-01-02T08:38:29","guid":{"rendered":"http:\/\/www.dcds-project.eu\/publikacijas\/contents-of-the-self-assessment-tool\/"},"modified":"2020-03-02T10:04:25","modified_gmt":"2020-03-02T10:04:25","slug":"contents-of-the-self-assessment-tool","status":"publish","type":"page","link":"https:\/\/www.dcds-project.eu\/lv\/publikacijas\/contents-of-the-self-assessment-tool\/","title":{"rendered":"Pa\u0161nov\u0113rt\u0113juma r\u012bka saturs"},"content":{"rendered":"","protected":false},"excerpt":{"rendered":"","protected":false},"author":1,"featured_media":0,"parent":598,"menu_order":1,"comment_status":"closed","ping_status":"closed","template":"","meta":{"footnotes":""},"class_list":["post-1995","page","type-page","status-publish","hentry"],"_links":{"self":[{"href":"https:\/\/www.dcds-project.eu\/lv\/wp-json\/wp\/v2\/pages\/1995","targetHints":{"allow":["GET"]}}],"collection":[{"href":"https:\/\/www.dcds-project.eu\/lv\/wp-json\/wp\/v2\/pages"}],"about":[{"href":"https:\/\/www.dcds-project.eu\/lv\/wp-json\/wp\/v2\/types\/page"}],"author":[{"embeddable":true,"href":"https:\/\/www.dcds-project.eu\/lv\/wp-json\/wp\/v2\/users\/1"}],"replies":[{"embeddable":true,"href":"https:\/\/www.dcds-project.eu\/lv\/wp-json\/wp\/v2\/comments?post=1995"}],"version-history":[{"count":2,"href":"https:\/\/www.dcds-project.eu\/lv\/wp-json\/wp\/v2\/pages\/1995\/revisions"}],"predecessor-version":[{"id":1997,"href":"https:\/\/www.dcds-project.eu\/lv\/wp-json\/wp\/v2\/pages\/1995\/revisions\/1997"}],"up":[{"embeddable":true,"href":"https:\/\/www.dcds-project.eu\/lv\/wp-json\/wp\/v2\/pages\/598"}],"wp:attachment":[{"href":"https:\/\/www.dcds-project.eu\/lv\/wp-json\/wp\/v2\/media?parent=1995"}],"curies":[{"name":"wp","href":"https:\/\/api.w.org\/{rel}","templated":true}]}}