{"id":2273,"date":"2020-03-16T16:45:59","date_gmt":"2020-03-16T16:45:59","guid":{"rendered":"http:\/\/www.dcds-project.eu\/?page_id=2273"},"modified":"2020-03-16T21:48:11","modified_gmt":"2020-03-16T21:48:11","slug":"training-organisation-handbook","status":"publish","type":"page","link":"https:\/\/www.dcds-project.eu\/lv\/publikacijas\/training-organisation-handbook\/","title":{"rendered":"DCDS M\u0101c\u012bbu organiz\u0113\u0161anas rokasgr\u0101mata (TOH)"},"content":{"rendered":"","protected":false},"excerpt":{"rendered":"","protected":false},"author":1,"featured_media":0,"parent":598,"menu_order":1,"comment_status":"closed","ping_status":"closed","template":"","meta":{"footnotes":""},"class_list":["post-2273","page","type-page","status-publish","hentry"],"_links":{"self":[{"href":"https:\/\/www.dcds-project.eu\/lv\/wp-json\/wp\/v2\/pages\/2273","targetHints":{"allow":["GET"]}}],"collection":[{"href":"https:\/\/www.dcds-project.eu\/lv\/wp-json\/wp\/v2\/pages"}],"about":[{"href":"https:\/\/www.dcds-project.eu\/lv\/wp-json\/wp\/v2\/types\/page"}],"author":[{"embeddable":true,"href":"https:\/\/www.dcds-project.eu\/lv\/wp-json\/wp\/v2\/users\/1"}],"replies":[{"embeddable":true,"href":"https:\/\/www.dcds-project.eu\/lv\/wp-json\/wp\/v2\/comments?post=2273"}],"version-history":[{"count":1,"href":"https:\/\/www.dcds-project.eu\/lv\/wp-json\/wp\/v2\/pages\/2273\/revisions"}],"predecessor-version":[{"id":2289,"href":"https:\/\/www.dcds-project.eu\/lv\/wp-json\/wp\/v2\/pages\/2273\/revisions\/2289"}],"up":[{"embeddable":true,"href":"https:\/\/www.dcds-project.eu\/lv\/wp-json\/wp\/v2\/pages\/598"}],"wp:attachment":[{"href":"https:\/\/www.dcds-project.eu\/lv\/wp-json\/wp\/v2\/media?parent=2273"}],"curies":[{"name":"wp","href":"https:\/\/api.w.org\/{rel}","templated":true}]}}