{"id":2312,"date":"2020-03-17T06:24:34","date_gmt":"2020-03-17T06:24:34","guid":{"rendered":"http:\/\/www.dcds-project.eu\/?page_id=2312"},"modified":"2020-03-17T11:22:03","modified_gmt":"2020-03-17T11:22:03","slug":"piloting-report","status":"publish","type":"page","link":"https:\/\/www.dcds-project.eu\/lv\/publikacijas\/piloting-report\/","title":{"rendered":"P\u0101rskats par DCDS pilotmac\u012bbu norisi un nov\u0113rt\u0113jumu"},"content":{"rendered":"","protected":false},"excerpt":{"rendered":"","protected":false},"author":1,"featured_media":0,"parent":598,"menu_order":1,"comment_status":"closed","ping_status":"closed","template":"","meta":{"footnotes":""},"class_list":["post-2312","page","type-page","status-publish","hentry"],"_links":{"self":[{"href":"https:\/\/www.dcds-project.eu\/lv\/wp-json\/wp\/v2\/pages\/2312","targetHints":{"allow":["GET"]}}],"collection":[{"href":"https:\/\/www.dcds-project.eu\/lv\/wp-json\/wp\/v2\/pages"}],"about":[{"href":"https:\/\/www.dcds-project.eu\/lv\/wp-json\/wp\/v2\/types\/page"}],"author":[{"embeddable":true,"href":"https:\/\/www.dcds-project.eu\/lv\/wp-json\/wp\/v2\/users\/1"}],"replies":[{"embeddable":true,"href":"https:\/\/www.dcds-project.eu\/lv\/wp-json\/wp\/v2\/comments?post=2312"}],"version-history":[{"count":4,"href":"https:\/\/www.dcds-project.eu\/lv\/wp-json\/wp\/v2\/pages\/2312\/revisions"}],"predecessor-version":[{"id":2352,"href":"https:\/\/www.dcds-project.eu\/lv\/wp-json\/wp\/v2\/pages\/2312\/revisions\/2352"}],"up":[{"embeddable":true,"href":"https:\/\/www.dcds-project.eu\/lv\/wp-json\/wp\/v2\/pages\/598"}],"wp:attachment":[{"href":"https:\/\/www.dcds-project.eu\/lv\/wp-json\/wp\/v2\/media?parent=2312"}],"curies":[{"name":"wp","href":"https:\/\/api.w.org\/{rel}","templated":true}]}}