{"id":598,"date":"2018-05-17T08:00:22","date_gmt":"2018-05-17T08:00:22","guid":{"rendered":"http:\/\/www.dcds-project.eu\/?page_id=598"},"modified":"2020-03-17T11:36:13","modified_gmt":"2020-03-17T11:36:13","slug":"publikacijas","status":"publish","type":"page","link":"https:\/\/www.dcds-project.eu\/lv\/publikacijas\/","title":{"rendered":"Publik\u0101cijas"},"content":{"rendered":"<ul>\n<li><a href=\"https:\/\/www.dcds-project.eu\/lv\/publikacijas\/dcds-context-analysis-report\/\" target=\"_blank\" rel=\"noopener\">DCDS Konteksta anal\u012bzes zi\u0146ojums<\/a><\/li>\n<li><a href=\"https:\/\/www.dcds-project.eu\/lv\/rezultati\/dcd-methodology\/\" target=\"_blank\" rel=\"noopener\">DCD metodolo\u0123ija<\/a><\/li>\n<li><a href=\"https:\/\/www.dcds-project.eu\/lv\/publikacijas\/contents-of-the-self-assessment-tool\/\" target=\"_blank\" rel=\"noopener\">Pa\u0161nov\u0113rt\u0113juma r\u012bka saturs<\/a><\/li>\n<li><a href=\"https:\/\/www.dcds-project.eu\/lv\/publikacijas\/trainer-handbook\/\" target=\"_blank\" rel=\"noopener\">DCDS Pasniedz\u0113ju rokasgr\u0101mata<\/a><\/li>\n<li><a href=\"https:\/\/www.dcds-project.eu\/lv\/publikacijas\/training-organisation-handbook\/\" target=\"_blank\" rel=\"noopener\">DCDS M\u0101c\u012bbu organiz\u0113\u0161anas rokasgr\u0101mata<\/a><\/li>\n<li><a href=\"https:\/\/www.dcds-project.eu\/lv\/publikacijas\/piloting-report\/\" target=\"_blank\" rel=\"noopener\">P\u0101rskats par DCDS pilotmac\u012bbu norisi un nov\u0113rt\u0113jumu<\/a><\/li>\n<li><a href=\"https:\/\/www.dcds-project.eu\/lv\/publikacijas\/dcds-policy-recommendations\/\" target=\"_blank\" rel=\"noopener\">DCDS rekomend\u0101cijas politikas veido\u0161anai<\/a><\/li>\n<li><a href=\"https:\/\/www.dcds-project.eu\/resources\/dcds-policy-influence-toolkit\/\" target=\"_blank\" rel=\"noopener\">DCDS Policy Influence Toolkit<\/a><\/li>\n<\/ul>\n","protected":false},"excerpt":{"rendered":"<p>DCDS Konteksta anal\u012bzes zi\u0146ojums DCD metodolo\u0123ija Pa\u0161nov\u0113rt\u0113juma r\u012bka saturs DCDS Pasniedz\u0113ju rokasgr\u0101mata DCDS M\u0101c\u012bbu organiz\u0113\u0161anas rokasgr\u0101mata P\u0101rskats par DCDS pilotmac\u012bbu norisi un nov\u0113rt\u0113jumu DCDS rekomend\u0101cijas politikas<span class=\"excerpt-hellip\"> [\u2026]<\/span><\/p>\n","protected":false},"author":1,"featured_media":0,"parent":0,"menu_order":0,"comment_status":"closed","ping_status":"closed","template":"","meta":{"footnotes":""},"class_list":["post-598","page","type-page","status-publish","hentry"],"_links":{"self":[{"href":"https:\/\/www.dcds-project.eu\/lv\/wp-json\/wp\/v2\/pages\/598","targetHints":{"allow":["GET"]}}],"collection":[{"href":"https:\/\/www.dcds-project.eu\/lv\/wp-json\/wp\/v2\/pages"}],"about":[{"href":"https:\/\/www.dcds-project.eu\/lv\/wp-json\/wp\/v2\/types\/page"}],"author":[{"embeddable":true,"href":"https:\/\/www.dcds-project.eu\/lv\/wp-json\/wp\/v2\/users\/1"}],"replies":[{"embeddable":true,"href":"https:\/\/www.dcds-project.eu\/lv\/wp-json\/wp\/v2\/comments?post=598"}],"version-history":[{"count":8,"href":"https:\/\/www.dcds-project.eu\/lv\/wp-json\/wp\/v2\/pages\/598\/revisions"}],"predecessor-version":[{"id":2359,"href":"https:\/\/www.dcds-project.eu\/lv\/wp-json\/wp\/v2\/pages\/598\/revisions\/2359"}],"wp:attachment":[{"href":"https:\/\/www.dcds-project.eu\/lv\/wp-json\/wp\/v2\/media?parent=598"}],"curies":[{"name":"wp","href":"https:\/\/api.w.org\/{rel}","templated":true}]}}